{"id":909,"date":"2019-09-12T15:57:11","date_gmt":"2019-09-12T13:57:11","guid":{"rendered":"http:\/\/iromitalia.com\/prodotto\/senza%20categoria\/prepulitore-per-cereali\/"},"modified":"2020-01-13T12:43:35","modified_gmt":"2020-01-13T11:43:35","slug":"prepulitore-per-cereali","status":"publish","type":"product","link":"https:\/\/iromitalia.com\/wp-irom-v2\/it\/prodotto\/prepulitore-per-cereali\/","title":{"rendered":"Prepulitore Per Cereali Zaccaria PLRZ-1"},"content":{"rendered":"","protected":false},"excerpt":{"rendered":"<h2 style=\"text-align: justify;\">Descrizione<\/h2>\n<p style=\"text-align: justify;\">Il PREPULITORE PER CEREALI MODELLO ZACCARIA PLRZ-1 \u00e8 sviluppato per separare tutte le impurit\u00e0 che ci sono nel raccolto. C\u2019\u00e8 una speciale tramoggia che distribuisce il prodotto uniformemente attraverso un canale di aspirazione che rimuove le impurit\u00e0 pi\u00f9 leggere. \u00c8 equipaggiato con due setacci vibratori che assicurano una ottimale pulizia del cereale. Ha una portata oraria di circa 2000 kg\/ora (base risone).<\/p>\n<h2 style=\"text-align: justify;\">Caratteristiche<\/h2>\n<ul style=\"text-align: justify;\">\n<li>Molto facile da usare e da manutenere<\/li>\n<li>Consente l\u2019installazione di un ciclone all\u2019uscita della ventilatrice<\/li>\n<li>Alta portata ed efficienza con un basso consumo di energia<\/li>\n<li>Dimensioni molto contenute<\/li>\n<li>Pu\u00f2 lavorare con diversi tipi di cereali<\/li>\n<li>Il flusso e il sistema di aspirazione sono realizzati con meticolosa cura<\/li>\n<\/ul>\n<h2 style=\"text-align: justify;\"><\/h2>\n<h2 style=\"text-align: justify;\">Optional<\/h2>\n<ul style=\"text-align: justify;\">\n<li>Elevatore a tazze sia per l\u2019ingresso del prodotto che per l\u2019uscita<\/li>\n<li>Possibilit\u00e0 di setacci diversi a seconda del tipo di cereale oppure se si desidera pulire i legumi<\/li>\n<\/ul>\n<h2 style=\"text-align: justify;\">Brochure<\/h2>\n<p style=\"text-align: justify;\"><a href=\"http:\/\/iromitalia.com\/?attachment_id=1278\" rel=\"attachment wp-att-921\"><img decoding=\"async\" loading=\"lazy\" class=\"alignnone wp-image-921\" src=\"http:\/\/iromitalia.com\/irom2.0\/wp-content\/uploads\/2019\/10\/1-02-512-300x300.png\" alt=\"\" width=\"150\" height=\"150\" srcset=\"https:\/\/iromitalia.com\/wp-irom-v2\/wp-content\/uploads\/2019\/10\/1-02-512-300x300.png 300w, https:\/\/iromitalia.com\/wp-irom-v2\/wp-content\/uploads\/2019\/10\/1-02-512-100x100.png 100w, https:\/\/iromitalia.com\/wp-irom-v2\/wp-content\/uploads\/2019\/10\/1-02-512-150x150.png 150w, https:\/\/iromitalia.com\/wp-irom-v2\/wp-content\/uploads\/2019\/10\/1-02-512.png 512w\" sizes=\"(max-width: 150px) 100vw, 150px\" \/><\/a><\/p>\n","protected":false},"featured_media":0,"comment_status":"open","ping_status":"closed","template":"","meta":[],"_links":{"self":[{"href":"https:\/\/iromitalia.com\/wp-irom-v2\/wp-json\/wp\/v2\/product\/909"}],"collection":[{"href":"https:\/\/iromitalia.com\/wp-irom-v2\/wp-json\/wp\/v2\/product"}],"about":[{"href":"https:\/\/iromitalia.com\/wp-irom-v2\/wp-json\/wp\/v2\/types\/product"}],"replies":[{"embeddable":true,"href":"https:\/\/iromitalia.com\/wp-irom-v2\/wp-json\/wp\/v2\/comments?post=909"}],"wp:attachment":[{"href":"https:\/\/iromitalia.com\/wp-irom-v2\/wp-json\/wp\/v2\/media?parent=909"}],"curies":[{"name":"wp","href":"https:\/\/api.w.org\/{rel}","templated":true}]}}