{"id":871,"date":"2019-09-12T12:21:29","date_gmt":"2019-09-12T10:21:29","guid":{"rendered":"http:\/\/iromitalia.com\/prodotto\/senza%20categoria\/sbramino-da-laboratorio-regolamentare-zaccaria-paz-1-dta\/"},"modified":"2020-01-10T17:08:50","modified_gmt":"2020-01-10T16:08:50","slug":"sbramino-da-laboratorio-regolamentare-zaccaria-paz-1-dta","status":"publish","type":"product","link":"https:\/\/iromitalia.com\/wp-irom-v2\/it\/prodotto\/sbramino-da-laboratorio-regolamentare-zaccaria-paz-1-dta\/","title":{"rendered":"Sbramino da Laboratorio Regolamentare Zaccaria PAZ-1 DTA"},"content":{"rendered":"","protected":false},"excerpt":{"rendered":"<h2 style=\"text-align: justify;\">Descrizione<\/h2>\n<p style=\"text-align: justify;\">Lo sbramino da laboratorio regolamentare modello Zaccaria PAZ-1 DTA \u00e8 stato sviluppato per determinare la resa nella lavorazione del riso. Ogni variet\u00e0 di riso ha la propria resa, a seconda delle condizioni del campo, del tempo, della variet\u00e0 del riso e di molti altri fattori. Pertanto \u00e8 essenziale determinare la resa totale e la percentuale di rottura che saranno ottenuti durante la sbramatura.<\/p>\n<p style=\"text-align: justify;\">Lo sbramino da laboratorio regolamentare modello Zaccaria PAZ-1 DTA \u00e8 considerato lo strumento pi\u00f9 importante tra le attrezzature in un laboratorio di prova del riso. E\u2019 adatto a tutta la gamma di produttori di riso dell&#8217;industria di settore sia a livello industriale che a livello medio o piccolo come la piccola azienda agricola a conduzione famigliare, poich\u00e9 viene utilizzato per prevalere riferimenti accurati e affidabili determinanti quando si giunge alla commercializzazione del prodotto. Basato sullo stesso principio di funzionamento delle attrezzature di sbramatura commerciali, questo tester per riso separa la buccia dal riso, lo sbianca e classifica il riso per lunghezza e \/ o spessore. Tutti i parametri dei test possono essere calibrati, in modo che i risultati dei test rimangano invariati anche quando la macchina \u00e8 gestita da operatori diversi.<\/p>\n<h2 style=\"text-align: justify;\">Caratteristiche<\/h2>\n<ul style=\"text-align: justify;\">\n<li>Alimentazione uniforme attraverso uno scivolo vibrante<\/li>\n<li>La sbramatura viene eseguita con rulli di gomma<\/li>\n<li>La lolla viene separata in una camera di aspirazione e raccolta da un ciclone<\/li>\n<li>Lo sbiancatura del riso viene eseguita a frizione, utilizzando una mola abrasiva e un freno di gomma<\/li>\n<li>La separazione dei chicchi interi dalla rottura avviene mediante cilindri ad alveoli<\/li>\n<li>La separazione del riso rosso o dei chicchi immaturi viene effettuata per spessore attraverso un cilindro calibratori a spacchi (opzionale)<\/li>\n<li>Le funzioni sono controllate e monitorate attraverso un pannello di controllo digitale<\/li>\n<li>\u00c8 incluso il contatore per registrare il numero di test eseguiti<\/li>\n<li>Permette di verificare tutti i parametri dei test eseguiti, garantendo standardizzazione e duplicazione dei risultati<\/li>\n<li>Manopole di regolazione in acciaio inossidabile<\/li>\n<li>Fornito con un motore elettrico monofase<\/li>\n<li>Fornito con filtro dell&#8217;aria e scatola di raccolta<\/li>\n<\/ul>\n<h2 style=\"text-align: justify;\">Vantaggi<\/h2>\n<ul style=\"text-align: justify;\">\n<li>Design compatto (tutto in una singola unit\u00e0)<\/li>\n<li>Montaggio e smontaggio delle parti (rulli di gomma, freno e anello abrasivo) di facile sostituzione<\/li>\n<li>Il manuale operativo con le illustrazioni mostra come eseguire facilmente tutte le impostazioni iniziali<\/li>\n<li>Il tempo per le operazioni di sbiancamento e classificazione pu\u00f2 essere regolato dal pannello di controllo digitale<\/li>\n<li>Si ottengono risultati uniformi e precisi, indipendentemente dall&#8217;operatore<\/li>\n<li>Fornito con due cilindri di classificazione diametro 5,5 mm e 4,5 mm<\/li>\n<li>Pu\u00f2 lavorare a lungo in luoghi chiusi, perch\u00e9 non fa polveri<\/li>\n<\/ul>\n<h2 style=\"text-align: justify;\">Accessori Opzionali<\/h2>\n<ul style=\"text-align: justify;\">\n<li>bilancia da laboratorio<\/li>\n<li>Cilindri calibratori di lunghezza diversa e dimensioni degli alveoli diversi a seconda delle necessit\u00e0<\/li>\n<li>Cilindri a spacchi di dimensioni diverse a seconda delle necessit\u00e0<\/li>\n<\/ul>\n<h2 style=\"text-align: justify;\">Brochure<\/h2>\n<p style=\"text-align: justify;\"><a href=\"http:\/\/iromitalia.com\/?attachment_id=1272\" rel=\"attachment wp-att-921\"><img decoding=\"async\" loading=\"lazy\" class=\"alignnone wp-image-921\" src=\"http:\/\/iromitalia.com\/irom2.0\/wp-content\/uploads\/2019\/10\/1-02-512-300x300.png\" alt=\"\" width=\"150\" height=\"150\" srcset=\"https:\/\/iromitalia.com\/wp-irom-v2\/wp-content\/uploads\/2019\/10\/1-02-512-300x300.png 300w, https:\/\/iromitalia.com\/wp-irom-v2\/wp-content\/uploads\/2019\/10\/1-02-512-100x100.png 100w, https:\/\/iromitalia.com\/wp-irom-v2\/wp-content\/uploads\/2019\/10\/1-02-512-150x150.png 150w, https:\/\/iromitalia.com\/wp-irom-v2\/wp-content\/uploads\/2019\/10\/1-02-512.png 512w\" sizes=\"(max-width: 150px) 100vw, 150px\" \/><\/a><\/p>\n","protected":false},"featured_media":0,"comment_status":"open","ping_status":"closed","template":"","meta":[],"_links":{"self":[{"href":"https:\/\/iromitalia.com\/wp-irom-v2\/wp-json\/wp\/v2\/product\/871"}],"collection":[{"href":"https:\/\/iromitalia.com\/wp-irom-v2\/wp-json\/wp\/v2\/product"}],"about":[{"href":"https:\/\/iromitalia.com\/wp-irom-v2\/wp-json\/wp\/v2\/types\/product"}],"replies":[{"embeddable":true,"href":"https:\/\/iromitalia.com\/wp-irom-v2\/wp-json\/wp\/v2\/comments?post=871"}],"wp:attachment":[{"href":"https:\/\/iromitalia.com\/wp-irom-v2\/wp-json\/wp\/v2\/media?parent=871"}],"curies":[{"name":"wp","href":"https:\/\/api.w.org\/{rel}","templated":true}]}}