{"id":870,"date":"2019-09-12T11:59:06","date_gmt":"2019-09-12T09:59:06","guid":{"rendered":"http:\/\/iromitalia.com\/prodotto\/senza%20categoria\/sonda-preleva-campioni-modello-gss\/"},"modified":"2020-01-10T17:07:10","modified_gmt":"2020-01-10T16:07:10","slug":"sonda-preleva-campioni-modello-gss","status":"publish","type":"product","link":"https:\/\/iromitalia.com\/wp-irom-v2\/it\/prodotto\/sonda-preleva-campioni-modello-gss\/","title":{"rendered":"Sonda Preleva Campioni Modello GSS"},"content":{"rendered":"","protected":false},"excerpt":{"rendered":"<h2 style=\"text-align: justify;\">Descrizione<\/h2>\n<ul style=\"text-align: justify;\">\n<li>Fabbricata in alluminio anodizzato ultraleggero<\/li>\n<li>Misure: 150cm \u2013 200 cm \u2013 300 cm<\/li>\n<li>Diametro: da 35mm a 50mm per tutti i tipi di cereali o semenze<\/li>\n<li>Punta in polimero oppure in alluminio<\/li>\n<li>Manico in alluminio smontabile<\/li>\n<li>Apertura delle tasche a spirale per un campionamento uniforme su tutta la lunghezza<\/li>\n<\/ul>\n<h4 style=\"text-align: justify;\">ISO Standard<\/h4>\n<p style=\"text-align: justify;\">La particolare apertura a spirale delle tasche dal basso verso l\u2019altro consente un campionamento uniforme su tutta la lunghezza dell\u2019asta.<\/p>\n<h4 style=\"text-align: justify;\">Affidabilit\u00e0<\/h4>\n<p style=\"text-align: justify;\">La sonda preleva campioni GSS \u00e8 costruita in alluminio anodizzato ultraleggero, ci\u00f2 gli permette di avere un peso molto ridotto e quindi una grande maneggevolezza anche sulle lunghezze pi\u00f9 elevate oltre che una durata maggiore perch\u00e9 non teme l\u2019ossidazione.<\/p>\n<h4 style=\"text-align: justify;\">Semplicit\u00e0<\/h4>\n<p style=\"text-align: justify;\">La sonda preleva campioni GSS pu\u00f2 montare sia punte in polimero che punte in alluminio anodizzato per una durata ancora maggiore. Inoltre la possibilit\u00e0 di montare il manico in alluminio anodizzato le rende ancora pi\u00f9 versatili ed efficaci anche sui carotaggi pi\u00f9 difficili.<\/p>\n<h4 style=\"text-align: justify;\">Principali Applicazioni<\/h4>\n<p style=\"text-align: justify;\">Le sonde preleva campioni GSS sono consigliate per il campionamento di cereali e semenze.<\/p>\n<h4 style=\"text-align: justify;\">Corretto Utilizzo<\/h4>\n<p style=\"text-align: justify;\">Inserire la sonda preleva campioni GSS nel mucchio assicurandosi che le tasche di campionamento siano chiuse. Dopo averla infilata fino alla fine, ruotare il manico per aprire le tasche e permettere alle granaglie di riempire le finestrelle. Successivamente ruotare il manico per chiudere le tasche di campionamento e infine sfilare la sonda preleva campioni GSS.<\/p>\n<h2 style=\"text-align: justify;\">Brochure<\/h2>\n<p style=\"text-align: justify;\">Scarica la brochure delle stonde GSS<\/p>\n<p style=\"text-align: justify;\"><a href=\"http:\/\/iromitalia.com\/?attachment_id=1270\" rel=\"attachment wp-att-921\"><img decoding=\"async\" loading=\"lazy\" class=\"alignnone wp-image-921\" src=\"http:\/\/iromitalia.com\/irom2.0\/wp-content\/uploads\/2019\/10\/1-02-512-300x300.png\" alt=\"\" width=\"150\" height=\"150\" srcset=\"https:\/\/iromitalia.com\/wp-irom-v2\/wp-content\/uploads\/2019\/10\/1-02-512-300x300.png 300w, https:\/\/iromitalia.com\/wp-irom-v2\/wp-content\/uploads\/2019\/10\/1-02-512-100x100.png 100w, https:\/\/iromitalia.com\/wp-irom-v2\/wp-content\/uploads\/2019\/10\/1-02-512-150x150.png 150w, https:\/\/iromitalia.com\/wp-irom-v2\/wp-content\/uploads\/2019\/10\/1-02-512.png 512w\" sizes=\"(max-width: 150px) 100vw, 150px\" \/><\/a><\/p>\n","protected":false},"featured_media":0,"comment_status":"open","ping_status":"closed","template":"","meta":[],"_links":{"self":[{"href":"https:\/\/iromitalia.com\/wp-irom-v2\/wp-json\/wp\/v2\/product\/870"}],"collection":[{"href":"https:\/\/iromitalia.com\/wp-irom-v2\/wp-json\/wp\/v2\/product"}],"about":[{"href":"https:\/\/iromitalia.com\/wp-irom-v2\/wp-json\/wp\/v2\/types\/product"}],"replies":[{"embeddable":true,"href":"https:\/\/iromitalia.com\/wp-irom-v2\/wp-json\/wp\/v2\/comments?post=870"}],"wp:attachment":[{"href":"https:\/\/iromitalia.com\/wp-irom-v2\/wp-json\/wp\/v2\/media?parent=870"}],"curies":[{"name":"wp","href":"https:\/\/api.w.org\/{rel}","templated":true}]}}