{"id":868,"date":"2019-09-12T16:37:03","date_gmt":"2019-09-12T14:37:03","guid":{"rendered":"http:\/\/iromitalia.com\/prodotto\/senza%20categoria\/mini-riseria-compatta-zaccaria-zx-25\/"},"modified":"2020-01-13T12:45:29","modified_gmt":"2020-01-13T11:45:29","slug":"mini-riseria-compatta-zaccaria-zx-25","status":"publish","type":"product","link":"https:\/\/iromitalia.com\/wp-irom-v2\/it\/prodotto\/mini-riseria-compatta-zaccaria-zx-25\/","title":{"rendered":"Mini Riseria Compatta Zaccaria ZX-25"},"content":{"rendered":"","protected":false},"excerpt":{"rendered":"<h2 style=\"text-align: justify;\">Descrizione<\/h2>\n<p style=\"text-align: justify;\">La mini riseria compatta ZX-25 \u00e8 stata sviluppata per soddisfare le esigenze delle piccole aziende agricole e delle piccole riserie offrendo una portata oraria di 900 kg\/ora di risone. La mini riseria compatta modello ZX-25 \u00e8 moderna e ha una concezione compatta che garantisce resa e qualit\u00e0 eccellenti per la maggior parte delle variet\u00e0 di riso con il vantaggio di occupare uno spazio molto ridotto e requisiti di consumo energetico altrettanto ridotti. Durante la produzione della mini riseria compatta modello ZX-25, vengono utilizzati solo materiali di alta qualit\u00e0 e processi di lavorazione di alta precisione, passando attraverso rigorosi programmi di test e qualit\u00e0 al fine di ottenere un impianto efficiente e duraturo.<\/p>\n<h4 style=\"text-align: justify;\">Mini Riseria Compatta Modello ZX-25<\/h4>\n<ul style=\"text-align: justify;\">\n<li>Elevatore per il carico della tramoggia (optional)<\/li>\n<li>Pre-pulitore modello PLRZ-1 (optional)<\/li>\n<li>Elevatore per l\u2019uscita del pre-pulitore (optional)<\/li>\n<li>Macchina combinata sbramino e sbiancatrice modello AIZX-25<\/li>\n<li>Lucidatrice orizzontale ad acqua modello WPZ-30S (optional)<\/li>\n<li>Elevatore uscita lucidatrice orizzontale ad acqua (optional)<\/li>\n<li>Setaccio modello PZX-25 per rotture e puntina di riso<\/li>\n<li>Elevatore per l\u2019uscita del PZX-25<\/li>\n<li>Cilindro calibratore modello TRIZX-25 (optional)<\/li>\n<li>Elevatore per l\u2019uscita del TRIZX-25 (optional)<\/li>\n<\/ul>\n<p style=\"text-align: justify;\">N.B. gli elevatori solitamente sono forniti senza motore elettrico<\/p>\n<h2 style=\"text-align: justify;\">Brochure<\/h2>\n<h2 style=\"text-align: justify;\"><a href=\"http:\/\/iromitalia.com\/?attachment_id=1283\" rel=\"attachment wp-att-921\"><img decoding=\"async\" loading=\"lazy\" class=\"alignnone wp-image-921\" src=\"http:\/\/iromitalia.com\/irom2.0\/wp-content\/uploads\/2019\/10\/1-02-512-300x300.png\" alt=\"\" width=\"150\" height=\"150\" srcset=\"https:\/\/iromitalia.com\/wp-irom-v2\/wp-content\/uploads\/2019\/10\/1-02-512-300x300.png 300w, https:\/\/iromitalia.com\/wp-irom-v2\/wp-content\/uploads\/2019\/10\/1-02-512-100x100.png 100w, https:\/\/iromitalia.com\/wp-irom-v2\/wp-content\/uploads\/2019\/10\/1-02-512-150x150.png 150w, https:\/\/iromitalia.com\/wp-irom-v2\/wp-content\/uploads\/2019\/10\/1-02-512.png 512w\" sizes=\"(max-width: 150px) 100vw, 150px\" \/><\/a><\/h2>\n","protected":false},"featured_media":0,"comment_status":"open","ping_status":"closed","template":"","meta":[],"_links":{"self":[{"href":"https:\/\/iromitalia.com\/wp-irom-v2\/wp-json\/wp\/v2\/product\/868"}],"collection":[{"href":"https:\/\/iromitalia.com\/wp-irom-v2\/wp-json\/wp\/v2\/product"}],"about":[{"href":"https:\/\/iromitalia.com\/wp-irom-v2\/wp-json\/wp\/v2\/types\/product"}],"replies":[{"embeddable":true,"href":"https:\/\/iromitalia.com\/wp-irom-v2\/wp-json\/wp\/v2\/comments?post=868"}],"wp:attachment":[{"href":"https:\/\/iromitalia.com\/wp-irom-v2\/wp-json\/wp\/v2\/media?parent=868"}],"curies":[{"name":"wp","href":"https:\/\/api.w.org\/{rel}","templated":true}]}}