{"id":866,"date":"2019-09-12T16:30:04","date_gmt":"2019-09-12T14:30:04","guid":{"rendered":"http:\/\/iromitalia.com\/prodotto\/senza%20categoria\/mini-riseria-compatta\/"},"modified":"2021-03-03T15:53:27","modified_gmt":"2021-03-03T14:53:27","slug":"mini-riseria-compatta-zaccaria-zx-6","status":"publish","type":"product","link":"https:\/\/iromitalia.com\/wp-irom-v2\/it\/prodotto\/mini-riseria-compatta-zaccaria-zx-6\/","title":{"rendered":"Mini Riseria Compatta Zaccaria ZX-6"},"content":{"rendered":"","protected":false},"excerpt":{"rendered":"<h2 style=\"text-align: justify;\">Descrizione<\/h2>\n<p style=\"text-align: justify;\">La mini riseria compatta Rural ZX-6 \u00e8 stata sviluppata per soddisfare le esigenze delle piccole aziende agricole e delle piccole riserie offrendo una portata oraria di 500 kg\/ora di risone. La mini riseria compatta modello ZX-6 \u00e8 moderna e ha una concezione compatta che garantisce resa e qualit\u00e0 eccellenti per la maggior parte delle variet\u00e0 di riso con il vantaggio di occupare uno spazio molto ridotto e requisiti di consumo energetico altrettanto ridotti. Durante la produzione della mini riseria compatta modello rural ZX-6, vengono utilizzati solo materiali di alta qualit\u00e0 e processi di lavorazione di alta precisione, passando attraverso rigorosi programmi di test e qualit\u00e0 al fine di ottenere un impianto efficiente e duraturo.<\/p>\n<h4 style=\"text-align: justify;\">La Mini Riseria Compatta Modello RURAL ZX &#8211; 6<\/h4>\n<ul style=\"text-align: justify;\">\n<li>Tramoggia di alimentazione<\/li>\n<li>Piccolo pre-pulitore per rimuovere le impurit\u00e0<\/li>\n<li>Separatore della lolla<\/li>\n<li>Ciclone per aspirazione della lolla<\/li>\n<li>Sbiancatrice orizzontale a smeriglio con sistema abrasivo a schermi e freni facilmente intercambiabili<\/li>\n<li>Regolazione semplice e veloce<\/li>\n<li>Base metallica per motore elettrico<\/li>\n<li>Setaccio oscillante per la separazione delle rotture<\/li>\n<\/ul>\n<h2 style=\"text-align: justify;\">Optional<\/h2>\n<ul style=\"text-align: justify;\">\n<li>Trasmissione diesel<\/li>\n<li>Ciclone per la lolla<\/li>\n<li>Base metallica<\/li>\n<li>Elevatore a tazze con tramoggia di aspirazione<\/li>\n<li>Cilindro calibratore incluso elevatore a tazze<\/li>\n<li>Motore elettrico<\/li>\n<li>Pre-pulitore RURAL PLRZ-1<\/li>\n<\/ul>\n<h2 style=\"text-align: justify;\">Brochure<\/h2>\n<p style=\"text-align: justify;\"><a href=\"http:\/\/iromitalia.com\/?attachment_id=1281\"><img decoding=\"async\" loading=\"lazy\" class=\"alignnone wp-image-921\" src=\"http:\/\/iromitalia.com\/irom2.0\/wp-content\/uploads\/2019\/10\/1-02-512-300x300.png\" alt=\"\" width=\"150\" height=\"150\" srcset=\"https:\/\/iromitalia.com\/wp-irom-v2\/wp-content\/uploads\/2019\/10\/1-02-512-300x300.png 300w, https:\/\/iromitalia.com\/wp-irom-v2\/wp-content\/uploads\/2019\/10\/1-02-512-100x100.png 100w, https:\/\/iromitalia.com\/wp-irom-v2\/wp-content\/uploads\/2019\/10\/1-02-512-150x150.png 150w, https:\/\/iromitalia.com\/wp-irom-v2\/wp-content\/uploads\/2019\/10\/1-02-512.png 512w\" sizes=\"(max-width: 150px) 100vw, 150px\" \/><\/a><\/p>\n<h2 style=\"text-align: justify;\">Video<\/h2>\n<p><iframe loading=\"lazy\" width=\"560\" height=\"315\" src=\"https:\/\/www.youtube.com\/embed\/GJcFdyhlzw0\" frameborder=\"0\" allow=\"accelerometer; autoplay; clipboard-write; encrypted-media; gyroscope; picture-in-picture\" allowfullscreen><\/iframe><\/p>\n<p><iframe loading=\"lazy\" width=\"560\" height=\"315\" src=\"https:\/\/www.youtube.com\/embed\/sd_HmqepfmM\" frameborder=\"0\" allow=\"accelerometer; autoplay; clipboard-write; encrypted-media; gyroscope; picture-in-picture\" allowfullscreen><\/iframe><\/p>\n<p><iframe loading=\"lazy\" width=\"560\" height=\"315\" src=\"https:\/\/www.youtube.com\/embed\/dTcLD84Vol4\" frameborder=\"0\" allow=\"accelerometer; autoplay; clipboard-write; encrypted-media; gyroscope; picture-in-picture\" allowfullscreen><\/iframe><\/p>\n","protected":false},"featured_media":0,"comment_status":"open","ping_status":"closed","template":"","meta":[],"_links":{"self":[{"href":"https:\/\/iromitalia.com\/wp-irom-v2\/wp-json\/wp\/v2\/product\/866"}],"collection":[{"href":"https:\/\/iromitalia.com\/wp-irom-v2\/wp-json\/wp\/v2\/product"}],"about":[{"href":"https:\/\/iromitalia.com\/wp-irom-v2\/wp-json\/wp\/v2\/types\/product"}],"replies":[{"embeddable":true,"href":"https:\/\/iromitalia.com\/wp-irom-v2\/wp-json\/wp\/v2\/comments?post=866"}],"wp:attachment":[{"href":"https:\/\/iromitalia.com\/wp-irom-v2\/wp-json\/wp\/v2\/media?parent=866"}],"curies":[{"name":"wp","href":"https:\/\/api.w.org\/{rel}","templated":true}]}}