{"id":234,"date":"2018-10-17T15:55:45","date_gmt":"2018-10-17T13:55:45","guid":{"rendered":"http:\/\/www.http:\/\/iromitalia.com\/irom2.0\/?post_type=product&#038;p=234"},"modified":"2020-01-13T10:09:49","modified_gmt":"2020-01-13T09:09:49","slug":"misuratore-di-umidita-gehaka-g600","status":"publish","type":"product","link":"https:\/\/iromitalia.com\/wp-irom-v2\/it\/prodotto\/misuratore-di-umidita-gehaka-g600\/","title":{"rendered":"Misuratore di umidit\u00e0 Gehaka G600"},"content":{"rendered":"","protected":false},"excerpt":{"rendered":"<p>&nbsp;<\/p>\n<h2 style=\"text-align: justify;\">Descrizione<\/h2>\n<ul style=\"text-align: justify;\">\n<li>Apparecchio da Laboratorio<\/li>\n<li>Correzione automatica della temperatura\u00a0del campione<\/li>\n<li>Tasti grandi, chiari e indipendenti semplificazione qualsiasi operazione<\/li>\n<li>Tutte le\u00a0funzioni\u00a0sono controllate\u00a0da un\u00a0microprocessore\u00a0avanzato<\/li>\n<li>Garantite precisione\u00a0e\u00a0velocit\u00e0\u00a0di risposta<\/li>\n<li>Test di\u00a0auto-check\u00a0viene eseguito ogni volta che il\u00a0tester\u00a0\u00e8 acceso<\/li>\n<li>Correzione automatica della temperatura del campione<\/li>\n<li>Un anno\u00a0di garanzia<\/li>\n<li>Funziona\u00a0con una\u00a0batteria\u00a0alcalina da 9\u00a0volt\u00a0o da un\u00a0ausiliario\u00a0AC\u00a0\/\u00a0DC<\/li>\n<li>Fonte selezionabile\u00a0110 o 220\u00a0volt\u00a0&#8211;\u00a050\/60Hz<\/li>\n<li>Compensazione\u00a0automatica dell&#8217;umidit\u00e0<\/li>\n<li>Il\u00a0tipo di\u00a0grano\u00a0\u00e8\u00a0selezionato; il campione viene\u00a0pesato\u00a0in\u00a0una scala\u00a0standard,\u00a0il campione viene\u00a0versato\u00a0nella\u00a0tramoggia\u00a0tester, e questo \u00e8 tutto ci\u00f2 che c&#8217;\u00e8 fare<\/li>\n<\/ul>\n<p style=\"text-align: justify;\">\n","protected":false},"featured_media":256,"comment_status":"open","ping_status":"closed","template":"","meta":[],"_links":{"self":[{"href":"https:\/\/iromitalia.com\/wp-irom-v2\/wp-json\/wp\/v2\/product\/234"}],"collection":[{"href":"https:\/\/iromitalia.com\/wp-irom-v2\/wp-json\/wp\/v2\/product"}],"about":[{"href":"https:\/\/iromitalia.com\/wp-irom-v2\/wp-json\/wp\/v2\/types\/product"}],"replies":[{"embeddable":true,"href":"https:\/\/iromitalia.com\/wp-irom-v2\/wp-json\/wp\/v2\/comments?post=234"}],"wp:featuredmedia":[{"embeddable":true,"href":"https:\/\/iromitalia.com\/wp-irom-v2\/wp-json\/wp\/v2\/media\/256"}],"wp:attachment":[{"href":"https:\/\/iromitalia.com\/wp-irom-v2\/wp-json\/wp\/v2\/media?parent=234"}],"curies":[{"name":"wp","href":"https:\/\/api.w.org\/{rel}","templated":true}]}}