{"id":226,"date":"2018-10-17T15:40:00","date_gmt":"2018-10-17T13:40:00","guid":{"rendered":"http:\/\/www.http:\/\/iromitalia.com\/irom2.0\/?post_type=product&#038;p=226"},"modified":"2020-01-13T10:06:24","modified_gmt":"2020-01-13T09:06:24","slug":"misuratore-bianchezza-riso-kett-c600","status":"publish","type":"product","link":"https:\/\/iromitalia.com\/wp-irom-v2\/it\/prodotto\/misuratore-bianchezza-riso-kett-c600\/","title":{"rendered":"Misuratore Bianchezza Riso Kett C600"},"content":{"rendered":"","protected":false},"excerpt":{"rendered":"<p>&nbsp;<\/p>\n<h2 style=\"text-align: justify;\">Descrizione<\/h2>\n<h4 style=\"text-align: justify;\">Misuratore Bianchezza Riso Kett C600<\/h4>\n<p style=\"text-align: justify;\">Il C-600 \u00e8 progettato per misurare la bianchezza del riso. La bianchezza del riso \u00e8 direttamente proporzionale alla sbramatura. Pertanto, \u00e8 possibile utilizzare il C-600 come strumento di misura della percentuale di sbramatura del riso (glutinoso e non-glutinoso).<\/p>\n<p style=\"text-align: justify;\">Per effettuare la prova \u00e8 sufficiente inserire il campione di prova con all\u2019interno il riso. Il grado di bianchezza verr\u00e0 immediatamente visualizzato.<br \/>\nIl display ha un ottimo contrasto e di conseguenza una eccellente lettura dei valori.<\/p>\n<p style=\"text-align: justify;\">Utilizzando il provino di taratura e \u201cfissando la quantit\u00e0\u201d di prova, \u00e8 possibile avere un riferimento costante, cos\u2019 da ridurre le variazioni di misurazione.<\/p>\n<h2 style=\"text-align: justify;\">Vantaggi<\/h2>\n<p style=\"text-align: justify;\"><strong>Compatto e leggero<\/strong><br \/>\nIl C-600 \u00e8 3 Kg pi\u00f9 leggero e ben 23,5 cm pi\u00f9 corto del modello C-300.<strong>Eco Design<\/strong><br \/>\nUtilizzando lampade Blue LED il ciclo di vita delle lampade \u00e8 molto lungo e sia il consumo di corrente elettrica che la dissipazione di termica sono molto ridotti.<\/p>\n<p style=\"text-align: justify;\"><strong>Misurazione immediata<\/strong><br \/>\nGrazie alla migliorata calibrazione si sensibilit\u00e0, la prima misura pu\u00f2 essere effettuata dopo soli 20 secondi dall\u2019accensione dell\u2019apparecchio.<\/p>\n<p style=\"text-align: justify;\"><strong>Regolazione della sensibilit\u00e0 con un Click!<\/strong><br \/>\nGrazie al provino di riferimento la sensibilit\u00e0 pu\u00f2 essere facilmente mantenuta. Premendo il tasto \u201cSTD\u201d l\u2019apparecchio viene riportato alle impostazioni di fabbrica. Questo rende molto pi\u00f9 semplice le regolazioni di taratura.<\/p>\n<p style=\"text-align: justify;\"><strong>Facile manutenzione<\/strong><br \/>\nOltre campione di riferimento, l\u2019unica parte che necessita regolare pulizia \u00e8 il cristallo, al fine ottenere sempre delle misure ottimali. E\u2019 molto semplice: Aprire il coperchio frontale, pulire il cristallo e richiudere il coperchio.<\/p>\n<h2 style=\"text-align: justify;\">Caratteristiche Tecniche<\/h2>\n<ul style=\"text-align: justify;\">\n<li>Metodo di misurazione: misurazione della riflettivit\u00e0<\/li>\n<li>Prodotti di misurazione: sbramato. Risone, riso lucidato, glutinoso e non glutinoso<\/li>\n<li>Oggetto di misurazione: Bianchezza (diversa dalla JIS bianchezza)<\/li>\n<li>Intervallo di misurazione:5.0 \u2013 69.0<\/li>\n<li>Risoluzione: 0.1<\/li>\n<li>Metodo di visualizzazione: display fluorescente<\/li>\n<li>Funzioni: gardo di bianco, media<\/li>\n<li>Intervallo di temp. e umidit\u00e0: Temperatura: 5 -40\u00b0C, umidit\u00e0: 30 \u2013 85% (senza condensa)<\/li>\n<li>Sorgente luminosa: Blue LED<\/li>\n<li>Uscita esterna: RS-232C<\/li>\n<li>Alimentazione: 100 \u2013 120V AC, 200 \u2013 240 AC (50\/60 Hz)<\/li>\n<li>Consumo: 35 W (100V), 60 W (240V)<\/li>\n<li>Dimensioni e peso: 290 L x 295 l x 185 H mm \/ 5.0 Kg<\/li>\n<li>Accessori: Provino standard di calibrazione, campionatore, piattino di campionatura, coperchio, pulisci-cristallo, spugna di ricambio, n.3 piattini di ricambio, fusibile di ricambio, cavo di alimentazione, adattatore, manuale di istruzione<\/li>\n<li>Opzioni: Stampante (VZ-330), cavo stampante (VZC-14)<\/li>\n<\/ul>\n<p style=\"text-align: justify;\">\n","protected":false},"featured_media":228,"comment_status":"open","ping_status":"closed","template":"","meta":[],"_links":{"self":[{"href":"https:\/\/iromitalia.com\/wp-irom-v2\/wp-json\/wp\/v2\/product\/226"}],"collection":[{"href":"https:\/\/iromitalia.com\/wp-irom-v2\/wp-json\/wp\/v2\/product"}],"about":[{"href":"https:\/\/iromitalia.com\/wp-irom-v2\/wp-json\/wp\/v2\/types\/product"}],"replies":[{"embeddable":true,"href":"https:\/\/iromitalia.com\/wp-irom-v2\/wp-json\/wp\/v2\/comments?post=226"}],"wp:featuredmedia":[{"embeddable":true,"href":"https:\/\/iromitalia.com\/wp-irom-v2\/wp-json\/wp\/v2\/media\/228"}],"wp:attachment":[{"href":"https:\/\/iromitalia.com\/wp-irom-v2\/wp-json\/wp\/v2\/media?parent=226"}],"curies":[{"name":"wp","href":"https:\/\/api.w.org\/{rel}","templated":true}]}}