{"id":1158,"date":"2019-12-11T16:06:31","date_gmt":"2019-12-11T15:06:31","guid":{"rendered":"http:\/\/iromitalia.com\/?post_type=product&#038;p=1158"},"modified":"2020-01-13T15:25:37","modified_gmt":"2020-01-13T14:25:37","slug":"grainscope-kett-tx-200","status":"publish","type":"product","link":"https:\/\/iromitalia.com\/wp-irom-v2\/it\/prodotto\/grainscope-kett-tx-200\/","title":{"rendered":"Grainscope Kett TX-200"},"content":{"rendered":"","protected":false},"excerpt":{"rendered":"<h2 style=\"text-align: justify;\">Descrizione<\/h2>\n<p style=\"text-align: justify;\">Il Grainscope Kett TX-200 \u00e8 un dispositivo per l&#8217;osservazione della qualit\u00e0 esterna del riso bianco e integrale. Filtrando la luce da dietro il campione, \u00e8 possibile osservare la forma e la qualit\u00e0 del colore della grana. Sono inclusi anche una lente d&#8217;ingrandimento e un vassoio per campioni che possono essere ruotati durante l&#8217;accertamento dell&#8217;angolo di visuale. Inoltre, \u00e8 stato preparato uno sfondo blu per il campione, in modo da poter discernere chiaramente le propriet\u00e0 del riso bianco o integrale.<\/p>\n<h2 style=\"text-align: justify;\">Caratteristiche Tecniche<\/h2>\n<ul>\n<li style=\"text-align: justify;\">Campione misurabile: Riso bianco e integrale<\/li>\n<li style=\"text-align: justify;\">Sorgente luminosa: Luce fluorescente 4W, luce bianca (ZLP-701)<\/li>\n<li style=\"text-align: justify;\">Temperatura ambiente di esercizio: 10-40 \u00b0 C<\/li>\n<li style=\"text-align: justify;\">Fonte di alimentazione: 0-40 \u00b0 C<\/li>\n<li style=\"text-align: justify;\">Batterie di alimentazione (&#8220;AA&#8221; alcaline) x 4<\/li>\n<li style=\"text-align: justify;\">Alimentazione CA fornita tramite l&#8217;adattatore CA.<\/li>\n<li style=\"text-align: justify;\">Alimentazione AC (input): AC100V (50 \/ 60Hz)<\/li>\n<li style=\"text-align: justify;\">Alimentazione CA (uscita): DC6V 0,5A<\/li>\n<li style=\"text-align: justify;\"><a name=\"_GoBack\"><\/a>Durata della batteria continua 5 ore Varia leggermente a causa delle condizioni della batteria o della temperatura dell&#8217;ambiente in cui viene utilizzata l&#8217;unit\u00e0.<\/li>\n<li style=\"text-align: justify;\">Dimensioni e peso 162 (L) X134 (P) X80 (H) mm, 0,47 kg<\/li>\n<\/ul>\n","protected":false},"featured_media":1160,"comment_status":"open","ping_status":"closed","template":"","meta":[],"_links":{"self":[{"href":"https:\/\/iromitalia.com\/wp-irom-v2\/wp-json\/wp\/v2\/product\/1158"}],"collection":[{"href":"https:\/\/iromitalia.com\/wp-irom-v2\/wp-json\/wp\/v2\/product"}],"about":[{"href":"https:\/\/iromitalia.com\/wp-irom-v2\/wp-json\/wp\/v2\/types\/product"}],"replies":[{"embeddable":true,"href":"https:\/\/iromitalia.com\/wp-irom-v2\/wp-json\/wp\/v2\/comments?post=1158"}],"wp:featuredmedia":[{"embeddable":true,"href":"https:\/\/iromitalia.com\/wp-irom-v2\/wp-json\/wp\/v2\/media\/1160"}],"wp:attachment":[{"href":"https:\/\/iromitalia.com\/wp-irom-v2\/wp-json\/wp\/v2\/media?parent=1158"}],"curies":[{"name":"wp","href":"https:\/\/api.w.org\/{rel}","templated":true}]}}