{"id":1154,"date":"2019-12-11T15:44:06","date_gmt":"2019-12-11T14:44:06","guid":{"rendered":"http:\/\/iromitalia.com\/?post_type=product&#038;p=1154"},"modified":"2020-01-13T15:24:35","modified_gmt":"2020-01-13T14:24:35","slug":"macina-da-laboratorio-kett-tq-100","status":"publish","type":"product","link":"https:\/\/iromitalia.com\/wp-irom-v2\/it\/prodotto\/macina-da-laboratorio-kett-tq-100\/","title":{"rendered":"Macina da laboratorio Kett TQ-100"},"content":{"rendered":"","protected":false},"excerpt":{"rendered":"<h2 style=\"text-align: justify;\">Descrizione<\/h2>\n<p style=\"text-align: justify;\">Se si essiccano in una termobilancia campioni di grandi dimensioni, non solo ci vorr\u00e0 un tempo considerevole per riscaldare \u201cil cuore\u201d dei campioni in oggetto, ma la superficie del campione potrebbe bruciarsi, rendendo impossibile ottenere una misurazione accurata dell\u2019umidit\u00e0. Ci\u00f2 che ti aiuterebbe in questo caso \u00e8 la macina da laboratorio Kett TQ-100. La macina \u00e8 stata realizzata per frantumare campioni da utilizzare nella misurazione del contenuto di umidit\u00e0 e il TQ-100 \u00e8 abbastanza piccolo da poter essere utilizzata sulla propria scrivania. Oltre al riso o ad altri cereali, il TQ-100 \u00e8 ideale per la frantumazione di vari alimenti, aggregati, carbone, ecc. Il suo utilizzo in laboratorio \u00e8 molto utile e conveniente.<\/p>\n<h2 style=\"text-align: justify;\">Caratteristiche Tecniche<\/h2>\n<p style=\"text-align: justify;\">Peso del campione: 5 g<\/p>\n<p style=\"text-align: justify;\">Granulometria: 20-30 mesh (riso)<\/p>\n<p style=\"text-align: justify;\"><a name=\"_GoBack\"><\/a>Dimensioni e peso: 80 (Largh.) X 70 (Lungh.) X180 (Altezza) mm, 1,2 kg<\/p>\n","protected":false},"featured_media":1156,"comment_status":"open","ping_status":"closed","template":"","meta":[],"_links":{"self":[{"href":"https:\/\/iromitalia.com\/wp-irom-v2\/wp-json\/wp\/v2\/product\/1154"}],"collection":[{"href":"https:\/\/iromitalia.com\/wp-irom-v2\/wp-json\/wp\/v2\/product"}],"about":[{"href":"https:\/\/iromitalia.com\/wp-irom-v2\/wp-json\/wp\/v2\/types\/product"}],"replies":[{"embeddable":true,"href":"https:\/\/iromitalia.com\/wp-irom-v2\/wp-json\/wp\/v2\/comments?post=1154"}],"wp:featuredmedia":[{"embeddable":true,"href":"https:\/\/iromitalia.com\/wp-irom-v2\/wp-json\/wp\/v2\/media\/1156"}],"wp:attachment":[{"href":"https:\/\/iromitalia.com\/wp-irom-v2\/wp-json\/wp\/v2\/media?parent=1154"}],"curies":[{"name":"wp","href":"https:\/\/api.w.org\/{rel}","templated":true}]}}