{"id":1092,"date":"2019-12-10T12:51:02","date_gmt":"2019-12-10T11:51:02","guid":{"rendered":"http:\/\/iromitalia.com\/?post_type=product&#038;p=1092"},"modified":"2020-01-13T15:16:23","modified_gmt":"2020-01-13T14:16:23","slug":"misuratore-di-umidita-kett-pm-450","status":"publish","type":"product","link":"https:\/\/iromitalia.com\/wp-irom-v2\/it\/prodotto\/misuratore-di-umidita-kett-pm-450\/","title":{"rendered":"Misuratore di umidit\u00e0 per granaglie Kett PM-450"},"content":{"rendered":"","protected":false},"excerpt":{"rendered":"<h2 style=\"text-align: justify;\">Caratteristiche<\/h2>\n<h5 style=\"text-align: justify;\">AMPIA LISTA DI PRODOTTI<\/h5>\n<p style=\"text-align: justify;\">Il Kett PM-450 \u00e8 il misuratore di umidit\u00e0 pi\u00f9 usato per granaglie, semi e altre semenze.<\/p>\n<h5 style=\"text-align: justify;\">AMPIO MARGINE DI LETTURA<\/h5>\n<p style=\"text-align: justify;\">Il PM-450 pu\u00f2 misurare il contenuto di umidit\u00e0 di semi e granaglie in un ampio intervallo che va dall\u2019 1% fino al 40% (dipende dal tipo di curva di calibrazione).<\/p>\n<h5 style=\"text-align: justify;\">CORREZIONE AUTOMATICA DELLA DENSITA\u2019 E DELLA TEMPERATURA<\/h5>\n<p style=\"text-align: justify;\">Il PM-450 ha una scheda elettronica che compensa e corregge in automatico la densit\u00e0 e la temperatura del campione quando viene fatta la prova di lettura. Ci\u00f2 consente una maggiore precisione nella determinazione dell\u2019umidit\u00e0.<\/p>\n<h5 style=\"text-align: justify;\">CURVE DI CALIBRAZIONE SALVATE IN MEMORIA<\/h5>\n<p style=\"text-align: justify;\">Il PM-450 ha ben 26 prodotti diversi salvati in memoria<\/p>\n<h5 style=\"text-align: justify;\">SPEGNIMENTO AUTOMATICO<\/h5>\n<p style=\"text-align: justify;\">Il PM-450 al fine di ottimizzare il consumo delle batterie ha un sistema automatico di spegnimento che si attiva se lo strumento, una volta acceso, non viene utilizzato per i successivi 3 minuti.<\/p>\n<h5 style=\"text-align: justify;\">CALCOLO DELLA MEDIA DELLE MISURAZIONI<\/h5>\n<p style=\"text-align: justify;\">Il PM-450 ha la funzione di calcolo della media tra le misurazioni. \u00c8 possibile fare fino a ben 9 prove con lo stesso campione e, tramite il tasto AVE (AVERAGE) determinare la media tra le varie letture effettuate.<\/p>\n<h5 style=\"text-align: justify;\">NUOVA CELLA DI CARICO MIGLIORATA<\/h5>\n<p style=\"text-align: justify;\">Il PM-450 monta una nuova cella di carico che lo rende ancora pi\u00f9 preciso e affidabile rispetto ai precedenti modelli PM-400 e PM-410.<\/p>\n<h5 style=\"text-align: justify;\">FACILE E INTUITIVO<\/h5>\n<p style=\"text-align: justify;\">Il PM-450 \u00e8 progettato per essere facile da usare e molto intuitivo nelle sue funzioni, tanto che leggere le istruzioni \u00e8 quasi superfluo. Provare per credere!<\/p>\n<h2 style=\"text-align: justify;\">Brochure<\/h2>\n<p style=\"text-align: justify;\"><a href=\"http:\/\/iromitalia.com\/?attachment_id=1150\" rel=\"attachment wp-att-921\"><img decoding=\"async\" loading=\"lazy\" class=\"alignnone wp-image-921\" src=\"http:\/\/iromitalia.com\/irom2.0\/wp-content\/uploads\/2019\/10\/1-02-512-300x300.png\" alt=\"\" width=\"150\" height=\"150\" srcset=\"https:\/\/iromitalia.com\/wp-irom-v2\/wp-content\/uploads\/2019\/10\/1-02-512-300x300.png 300w, https:\/\/iromitalia.com\/wp-irom-v2\/wp-content\/uploads\/2019\/10\/1-02-512-100x100.png 100w, https:\/\/iromitalia.com\/wp-irom-v2\/wp-content\/uploads\/2019\/10\/1-02-512-150x150.png 150w, https:\/\/iromitalia.com\/wp-irom-v2\/wp-content\/uploads\/2019\/10\/1-02-512.png 512w\" sizes=\"(max-width: 150px) 100vw, 150px\" \/><\/a><\/p>\n","protected":false},"featured_media":1578,"comment_status":"open","ping_status":"closed","template":"","meta":[],"_links":{"self":[{"href":"https:\/\/iromitalia.com\/wp-irom-v2\/wp-json\/wp\/v2\/product\/1092"}],"collection":[{"href":"https:\/\/iromitalia.com\/wp-irom-v2\/wp-json\/wp\/v2\/product"}],"about":[{"href":"https:\/\/iromitalia.com\/wp-irom-v2\/wp-json\/wp\/v2\/types\/product"}],"replies":[{"embeddable":true,"href":"https:\/\/iromitalia.com\/wp-irom-v2\/wp-json\/wp\/v2\/comments?post=1092"}],"wp:featuredmedia":[{"embeddable":true,"href":"https:\/\/iromitalia.com\/wp-irom-v2\/wp-json\/wp\/v2\/media\/1578"}],"wp:attachment":[{"href":"https:\/\/iromitalia.com\/wp-irom-v2\/wp-json\/wp\/v2\/media?parent=1092"}],"curies":[{"name":"wp","href":"https:\/\/api.w.org\/{rel}","templated":true}]}}